{"id":20,"date":"2014-01-11T20:36:39","date_gmt":"2014-01-11T20:36:39","guid":{"rendered":"http:\/\/idh.si\/?page_id=20"},"modified":"2019-11-05T16:59:17","modified_gmt":"2019-11-05T16:59:17","slug":"kontakt","status":"publish","type":"page","link":"http:\/\/idh.si\/?page_id=20","title":{"rendered":"Kontakt"},"content":{"rendered":"<p><strong>IDH In\u0161titut za dru\u017eboslovne in humanisti\u010dne raziskave<\/strong><br \/>\nUlica Hermana Poto\u010dnika 21<br \/>\nSI-1000<br \/>\nLjubljana<br \/>\nSlovenija<\/p>\n<p>Dav\u010dna \u0161t: SI15584658<br \/>\nMati\u010dna \u0161t: 6507905000<\/p>\n<p>e-po\u0161ta: info[at]idh.si<\/p>\n","protected":false},"excerpt":{"rendered":"<p>IDH In\u0161titut za dru\u017eboslovne in humanisti\u010dne raziskave Ulica Hermana Poto\u010dnika 21 SI-1000 Ljubljana Slovenija Dav\u010dna \u0161t: SI15584658 Mati\u010dna \u0161t: 6507905000 e-po\u0161ta: info[at]idh.si<\/p>\n","protected":false},"author":1,"featured_media":0,"parent":0,"menu_order":0,"comment_status":"closed","ping_status":"closed","template":"","meta":[],"_links":{"self":[{"href":"http:\/\/idh.si\/index.php?rest_route=\/wp\/v2\/pages\/20"}],"collection":[{"href":"http:\/\/idh.si\/index.php?rest_route=\/wp\/v2\/pages"}],"about":[{"href":"http:\/\/idh.si\/index.php?rest_route=\/wp\/v2\/types\/page"}],"author":[{"embeddable":true,"href":"http:\/\/idh.si\/index.php?rest_route=\/wp\/v2\/users\/1"}],"replies":[{"embeddable":true,"href":"http:\/\/idh.si\/index.php?rest_route=%2Fwp%2Fv2%2Fcomments&post=20"}],"version-history":[{"count":5,"href":"http:\/\/idh.si\/index.php?rest_route=\/wp\/v2\/pages\/20\/revisions"}],"predecessor-version":[{"id":118,"href":"http:\/\/idh.si\/index.php?rest_route=\/wp\/v2\/pages\/20\/revisions\/118"}],"wp:attachment":[{"href":"http:\/\/idh.si\/index.php?rest_route=%2Fwp%2Fv2%2Fmedia&parent=20"}],"curies":[{"name":"wp","href":"https:\/\/api.w.org\/{rel}","templated":true}]}}