{"id":23,"date":"2014-01-11T20:39:12","date_gmt":"2014-01-11T20:39:12","guid":{"rendered":"http:\/\/idh.si\/?page_id=23"},"modified":"2014-01-24T18:19:55","modified_gmt":"2014-01-24T18:19:55","slug":"dejavnosti-2","status":"publish","type":"page","link":"http:\/\/idh.si\/?page_id=23","title":{"rendered":"Dejavnosti"},"content":{"rendered":"<p style=\"text-align: justify;\">Dejavnosti in\u0161tituta vklju\u010dujejo:<\/p>\n<ul>\n<li style=\"text-align: justify;\">raziskovalno znanstveno delo na podro\u010dju dru\u017eboslovnih in humanisti\u010dnih ved;<\/li>\n<li style=\"text-align: justify;\">svetovalne storitve;<\/li>\n<li style=\"text-align: justify;\">pedago\u0161ko dejavnost na podro\u010dju dru\u017eboslovnih in humanisti\u010dnih ved;<\/li>\n<li style=\"text-align: justify;\">organizacijo dogodkov in raz\u0161irjanje znanja ter organizacija izobra\u017eevalnih programov s sodelovanjem mednarodnih strokovnjakov ter institucij;<\/li>\n<li style=\"text-align: justify;\">oblikovanje in izvajanje izobra\u017eevalnih, vse-\u017eivljenjskih programov in znanstveno-raziskovalnih projektov in programov zlasti s podro\u010dja dru\u017eboslovnih in humanisti\u010dnih znanosti;<\/li>\n<li style=\"text-align: justify;\">izvajanje zalo\u017eni\u0161ke dejavnosti na podro\u010dju dru\u017eboslovnih in humanisti\u010dnih ved;<\/li>\n<li style=\"text-align: justify;\">prevajanje strokovnih besedil;<\/li>\n<li style=\"text-align: justify;\">vodenje projektov, priprava prijav na razpise ter s tem povezano svetovalno delo;<\/li>\n<li style=\"text-align: justify;\">spremljanje in opozarjanje na stanje na podro\u010dju \u010dlovekovih pravic in delovanja pravne dr\u017eave ter etike in integritete;<\/li>\n<li style=\"text-align: justify;\">druge dejavnosti, ki so povezane z zgoraj omenjenimi.<\/li>\n<\/ul>\n","protected":false},"excerpt":{"rendered":"<p>Dejavnosti in\u0161tituta vklju\u010dujejo: raziskovalno znanstveno delo na podro\u010dju dru\u017eboslovnih in humanisti\u010dnih ved; svetovalne storitve; pedago\u0161ko dejavnost na podro\u010dju dru\u017eboslovnih in humanisti\u010dnih ved; organizacijo dogodkov in raz\u0161irjanje znanja ter organizacija izobra\u017eevalnih programov s sodelovanjem mednarodnih strokovnjakov ter institucij; oblikovanje in izvajanje izobra\u017eevalnih, vse-\u017eivljenjskih programov in znanstveno-raziskovalnih projektov in programov zlasti s podro\u010dja dru\u017eboslovnih in humanisti\u010dnih znanosti; [&hellip;]<\/p>\n","protected":false},"author":1,"featured_media":0,"parent":0,"menu_order":0,"comment_status":"closed","ping_status":"closed","template":"","meta":[],"_links":{"self":[{"href":"http:\/\/idh.si\/index.php?rest_route=\/wp\/v2\/pages\/23"}],"collection":[{"href":"http:\/\/idh.si\/index.php?rest_route=\/wp\/v2\/pages"}],"about":[{"href":"http:\/\/idh.si\/index.php?rest_route=\/wp\/v2\/types\/page"}],"author":[{"embeddable":true,"href":"http:\/\/idh.si\/index.php?rest_route=\/wp\/v2\/users\/1"}],"replies":[{"embeddable":true,"href":"http:\/\/idh.si\/index.php?rest_route=%2Fwp%2Fv2%2Fcomments&post=23"}],"version-history":[{"count":3,"href":"http:\/\/idh.si\/index.php?rest_route=\/wp\/v2\/pages\/23\/revisions"}],"predecessor-version":[{"id":62,"href":"http:\/\/idh.si\/index.php?rest_route=\/wp\/v2\/pages\/23\/revisions\/62"}],"wp:attachment":[{"href":"http:\/\/idh.si\/index.php?rest_route=%2Fwp%2Fv2%2Fmedia&parent=23"}],"curies":[{"name":"wp","href":"https:\/\/api.w.org\/{rel}","templated":true}]}}