{"id":43,"date":"2014-01-11T21:30:08","date_gmt":"2014-01-11T21:30:08","guid":{"rendered":"http:\/\/idh.si\/?page_id=43"},"modified":"2016-03-12T09:50:02","modified_gmt":"2016-03-12T09:50:02","slug":"publikacije","status":"publish","type":"page","link":"http:\/\/idh.si\/?page_id=43","title":{"rendered":"Zalo\u017eba"},"content":{"rendered":"<p>Jernej Letnar \u010cerni\u010d, Nevidne re\u010di : vtisi in razmi\u0161ljanja o kolumbijski dru\u017ebi &#8211; 1. izd. &#8211; Ljubljana : IDH,\u00a02016. &#8211; (Zbirka \u010clovekove pravice). Cena : 17 Eur.<\/p>\n<p><a href=\"http:\/\/idh.si\/wp-content\/uploads\/2014\/01\/ff.jpg\"><img loading=\"lazy\" class=\"alignnone size-medium wp-image-92\" alt=\"ff\" src=\"http:\/\/idh.si\/wp-content\/uploads\/2014\/01\/ff-209x300.jpg\" width=\"209\" height=\"300\" srcset=\"http:\/\/idh.si\/wp-content\/uploads\/2014\/01\/ff-209x300.jpg 209w, http:\/\/idh.si\/wp-content\/uploads\/2014\/01\/ff.jpg 488w\" sizes=\"(max-width: 209px) 100vw, 209px\" \/><\/a><\/p>\n<p>Knjigo lahko naro\u010dite na\u00a0e-po\u0161ti: info[at]idh.si.<\/p>\n<p>&nbsp;<\/p>\n","protected":false},"excerpt":{"rendered":"<p>Jernej Letnar \u010cerni\u010d, Nevidne re\u010di : vtisi in razmi\u0161ljanja o kolumbijski dru\u017ebi &#8211; 1. izd. &#8211; Ljubljana : IDH,\u00a02016. &#8211; (Zbirka \u010clovekove pravice). Cena : 17 Eur. Knjigo lahko naro\u010dite na\u00a0e-po\u0161ti: info[at]idh.si. &nbsp;<\/p>\n","protected":false},"author":1,"featured_media":0,"parent":0,"menu_order":0,"comment_status":"closed","ping_status":"closed","template":"","meta":[],"_links":{"self":[{"href":"http:\/\/idh.si\/index.php?rest_route=\/wp\/v2\/pages\/43"}],"collection":[{"href":"http:\/\/idh.si\/index.php?rest_route=\/wp\/v2\/pages"}],"about":[{"href":"http:\/\/idh.si\/index.php?rest_route=\/wp\/v2\/types\/page"}],"author":[{"embeddable":true,"href":"http:\/\/idh.si\/index.php?rest_route=\/wp\/v2\/users\/1"}],"replies":[{"embeddable":true,"href":"http:\/\/idh.si\/index.php?rest_route=%2Fwp%2Fv2%2Fcomments&post=43"}],"version-history":[{"count":5,"href":"http:\/\/idh.si\/index.php?rest_route=\/wp\/v2\/pages\/43\/revisions"}],"predecessor-version":[{"id":95,"href":"http:\/\/idh.si\/index.php?rest_route=\/wp\/v2\/pages\/43\/revisions\/95"}],"wp:attachment":[{"href":"http:\/\/idh.si\/index.php?rest_route=%2Fwp%2Fv2%2Fmedia&parent=43"}],"curies":[{"name":"wp","href":"https:\/\/api.w.org\/{rel}","templated":true}]}}